{"id":659,"date":"2016-04-13T09:58:46","date_gmt":"2016-04-13T09:58:46","guid":{"rendered":"http:\/\/www.ivb-hellas.com\/el\/?page_id=659"},"modified":"2016-04-13T12:20:16","modified_gmt":"2016-04-13T12:20:16","slug":"%cf%83%cf%84%ce%bf%ce%b9%cf%87%ce%b5%ce%af%ce%b1-%ce%ad%ce%ba%ce%b4%ce%bf%cf%83%ce%b7%cf%82","status":"publish","type":"page","link":"https:\/\/www.ivb-hellas.com\/el\/%cf%83%cf%84%ce%bf%ce%b9%cf%87%ce%b5%ce%af%ce%b1-%ce%ad%ce%ba%ce%b4%ce%bf%cf%83%ce%b7%cf%82\/","title":{"rendered":"\u03a3\u03c4\u03bf\u03b9\u03c7\u03b5\u03af\u03b1 \u03ad\u03ba\u03b4\u03bf\u03c3\u03b7\u03c2"},"content":{"rendered":"<p>Impressum<\/p>\n<p>&nbsp;<\/p>\n<p>Diese Seiten dienen zur Vermittlung von Informationen \u00fcber das Institut f\u00fcr Verhaltenstherapie und Biofeedback <strong>ivb.<\/strong><\/p>\n<p>Das Impressum des Instituts gilt nur f\u00fcr die Internetpr\u00e4senz unter der Adresse <a href=\"http:\/\/www.ivb-hellas.com\/\">www.ivb-hellas.com<\/a><\/p>\n<p><strong>\u00a0<\/strong><\/p>\n<p>Inhaltliche Verantwortung\u00a0\u00a0\u00a0\u00a0\u00a0\u00a0\u00a0\u00a0 \u00a0\u00a0\u00a0\u00a0\u00a0\u00a0\u00a0\u00a0\u00a0\u00a0\u00a0\u00a0\u00a0\u00a0\u00a0\u00a0\u00a0\u00a0\u00a0\u00a0\u00a0\u00a0\u00a0 \u00a0\u00a0\u00a0\u00a0\u00a0\u00a0\u00a0\u00a0\u00a0\u00a0\u00a0 Dipl.-Psych. Carla Geisenberger-Samaras<\/p>\n<p>&nbsp;<\/p>\n<p>Anschrift \u00a0 \u00a0 \u00a0 \u00a0 \u00a0 \u00a0 \u00a0 \u00a0 \u00a0 \u00a0 \u00a0 \u00a0 \u00a0 \u00a0 \u00a0 \u00a0 \u00a0 \u00a0 \u00a0 \u00a0 \u00a0 \u00a0 \u00a0 \u00a0 \u00a0 \u00a0 \u00a0 \u00a0 \u00a0 \u00a0 \u00a0 \u00a0 \u00a0 \u00a0 \u00a0 \u00a0 \u00a0 \u00a0Chomatianou 30<\/p>\n<p>GR-151 23 Athen Maroussi Griechenland<\/p>\n<p>&nbsp;<\/p>\n<h5>Elektronische Postadresse \u00a0 \u00a0 \u00a0 \u00a0 \u00a0 \u00a0 \u00a0 \u00a0 \u00a0 \u00a0 \u00a0 \u00a0 \u00a0 \u00a0 \u00a0 \u00a0 \u00a0 \u00a0 \u00a0 \u00a0 \u00a0 \u00a0 \u00a0<a href=\"&#109;&#x61;i&#108;&#x74;o&#x3a;&#x69;&#110;&#x66;o&#64;&#x69;v&#98;&#x2d;&#104;&#x65;l&#108;&#x61;s&#46;&#x63;&#111;&#x6d;\"><strong>&#x69;&#110;f&#x6f;&#64;i&#x76;&#x62;&#45;&#x68;&#x65;&#108;l&#x61;&#115;&#46;&#x63;&#x6f;&#109;<\/strong><\/a><\/h5>\n<p>&nbsp;<\/p>\n<p>Telefonische Kommunikation\u00a0\u00a0\u00a0\u00a0\u00a0\u00a0\u00a0\u00a0\u00a0\u00a0\u00a0\u00a0\u00a0\u00a0\u00a0\u00a0\u00a0\u00a0\u00a0\u00a0\u00a0\u00a0\u00a0\u00a0\u00a0\u00a0\u00a0\u00a0\u00a0\u00a0\u00a0\u00a0\u00a0\u00a0\u00a0\u00a0\u00a0 m: +30 6938 778 454<\/p>\n<p>&nbsp;<\/p>\n<p>Registrierung\/Steuernummer\u00a0\u00a0\u00a0\u00a0\u00a0\u00a0\u00a0\u00a0\u00a0\u00a0\u00a0\u00a0\u00a0\u00a0\u00a0\u00a0\u00a0\u00a0\u00a0\u00a0\u00a0\u00a0\u00a0\u00a0\u00a0\u00a0\u00a0\u00a0\u00a0\u00a0\u00a0\u00a0\u00a0\u00a0\u00a0\u00a0\u00a0\u00a0 Amaroussiou \/ 133647221<\/p>\n<p>&nbsp;<\/p>\n<p>Berufsbezeichnung\u00a0\u00a0\u00a0\u00a0\u00a0\u00a0\u00a0\u00a0\u00a0\u00a0\u00a0\u00a0\u00a0\u00a0\u00a0\u00a0\u00a0\u00a0\u00a0\u00a0\u00a0\u00a0\u00a0\u00a0\u00a0\u00a0\u00a0\u00a0\u00a0\u00a0\u00a0\u00a0\u00a0\u00a0\u00a0\u00a0\u00a0\u00a0\u00a0\u00a0\u00a0\u00a0\u00a0\u00a0\u00a0\u00a0\u00a0\u00a0\u00a0\u00a0\u00a0\u00a0\u00a0\u00a0\u00a0 Diplom-Psychologin und Psychologische \u00a0 \u00a0 \u00a0 \u00a0 \u00a0 \u00a0 \u00a0 \u00a0 \u00a0 \u00a0 \u00a0 \u00a0 Psychotherapeutin gem\u00e4\u00df dem Psychotherapeutengesetz \u2013 PsychThG<\/p>\n<p>Approbation verliehen vom Bayerischen Staatsministerium f\u00fcr Gesundheit<\/p>\n<p>Berufsrechtliche Anerkennung und Erlaubnis zur Aus\u00fcbung der heilkundlichen Psychotherapie<\/p>\n<p>durch das griechische Ministerium f\u00fcr Bildung, Forschung und Gesundheit.<\/p>\n<p>&nbsp;<\/p>\n<p>&nbsp;<\/p>\n<p>Zust\u00e4ndige Beh\u00f6rde\u00a0\u00a0\u00a0\u00a0\u00a0\u00a0\u00a0\u00a0\u00a0\u00a0\u00a0\u00a0\u00a0\u00a0\u00a0\u00a0\u00a0\u00a0\u00a0\u00a0\u00a0\u00a0\u00a0\u00a0\u00a0\u00a0\u00a0\u00a0\u00a0 \u00a0\u00a0\u00a0\u00a0\u00a0\u00a0\u00a0\u00a0\u00a0\u00a0\u00a0\u00a0\u00a0\u00a0\u00a0\u00a0\u00a0\u00a0\u00a0\u00a0\u00a0\u00a0\u00a0 Psychotherapeutenkammer Athen<\/p>\n<p>&nbsp;<\/p>\n<h4>Haftungsausschluss<\/h4>\n<p>Haftung f\u00fcr Inhalte<\/p>\n<p>Als Diensteanbieter sind wir gem\u00e4\u00df \u00a7 7 Abs.1 TMG f\u00fcr eigene Inhalte auf diesen Seiten nach den allgemeinen Gesetzen verantwortlich. Nach \u00a7\u00a7 8 bis 10 TMG sind wir als Diensteanbieter jedoch nicht verpflichtet, \u00fcbermittelte oder gespeicherte fremde Informationen zu \u00fcberwachen oder nach Umst\u00e4nden zu forschen, die auf eine rechtswidrige T\u00e4tigkeit hinweisen. Verpflichtungen zur Entfernung oder Sperrung der Nutzung von Informationen nach den allgemeinen Gesetzen bleiben hiervon unber\u00fchrt. Eine diesbez\u00fcgliche Haftung ist jedoch erst ab dem Zeitpunkt der Kenntnis einer konkreten Rechtsverletzung m\u00f6glich. Bei Bekanntwerden von entsprechenden Rechtsverletzungen werden wir diese Inhalte umgehend entfernen. Der Besuch dieser Seiten kann nicht den Arzt oder Psychotherapeuten ersetzen. Suchen Sie bei unklaren oder akuten Beschwerden immer einen Arzt auf! Auf diesen Seiten werden teilweise auch Behandlungsm\u00f6glichkeiten f\u00fcr schwerere Erkrankungen beschrieben, die unbedingt eine \u00e4rztliche Behandlung als Basis brauchen.<\/p>\n<p>Haftung f\u00fcr Links<\/p>\n<p>Unser Angebot enth\u00e4lt Links zu externen Webseiten Dritter, auf deren Inhalte wir keinen Einfluss haben. Deshalb k\u00f6nnen wir f\u00fcr diese fremden Inhalte auch keine Gew\u00e4hr \u00fcbernehmen. F\u00fcr die Inhalte der verlinkten Seiten ist stets der jeweilige Anbieter oder Betreiber der Seiten verantwortlich. Die verlinkten Seiten wurden zum Zeitpunkt der Verlinkung auf m\u00f6gliche Rechtsverst\u00f6\u00dfe \u00fcberpr\u00fcft. Rechtswidrige Inhalte waren zum Zeitpunkt der Verlinkung nicht erkennbar. Eine permanente inhaltliche Kontrolle der verlinkten Seiten ist jedoch ohne konkrete Anhaltspunkte einer Rechtsverletzung nicht zumutbar. Bei Bekanntwerden von Rechtsverletzungen werden wir derartige Links umgehend entfernen.<\/p>\n<p>Urheberrecht<\/p>\n<p>Die durch die Seitenbetreiber erstellten Inhalte und Werke auf diesen Seiten unterliegen dem deutschen Urheberrecht. Die Vervielf\u00e4ltigung, Bearbeitung, Verbreitung und jede Art der Verwertung au\u00dferhalb der Grenzen des Urheberrechtes bed\u00fcrfen der schriftlichen Zustimmung des jeweiligen Autors bzw. Erstellers. Downloads und Kopien dieser Seite sind nur f\u00fcr den privaten, nicht kommerziellen Gebrauch gestattet. Soweit die Inhalte auf dieser Seite nicht vom Betreiber erstellt wurden, werden die Urheberrechte Dritter beachtet. Insbesondere werden Inhalte Dritter als solche gekennzeichnet. Sollten Sie trotzdem auf eine Urheberrechtsverletzung aufmerksam werden, bitten wir um einen entsprechenden Hinweis. Bei Bekanntwerden von Rechtsverletzungen werden wir derartige Inhalte umgehend entfernen.<\/p>\n<p>Datenschutz<\/p>\n<p>Die Nutzung unserer Webseiten ist in der Regel ohne Angabe personenbezogener Daten m\u00f6glich. Soweit auf unseren Seiten personenbezogene Daten (beispielsweise Name, Anschrift oder e-Mail-Adresse) erhoben werden, erfolgt dies, soweit m\u00f6glich, stets auf freiwilliger Basis. Diese Daten werden ohne Ihre ausdr\u00fcckliche Zustimmung nicht an Dritte weitergegeben.<\/p>\n<p>&nbsp;<\/p>\n<p>Bildquellenangabe<\/p>\n<p>Copyright by ivb<\/p>\n","protected":false},"excerpt":{"rendered":"<p>Impressum &nbsp; Diese Seiten dienen zur Vermittlung von Informationen \u00fcber das Institut f\u00fcr Verhaltenstherapie und Biofeedback ivb. Das Impressum des Instituts gilt nur f\u00fcr die Internetpr\u00e4senz unter der Adresse www.ivb-hellas.com \u00a0 Inhaltliche Verantwortung\u00a0\u00a0\u00a0\u00a0\u00a0\u00a0\u00a0\u00a0 \u00a0\u00a0\u00a0\u00a0\u00a0\u00a0\u00a0\u00a0\u00a0\u00a0\u00a0\u00a0\u00a0\u00a0\u00a0\u00a0\u00a0\u00a0\u00a0\u00a0\u00a0\u00a0\u00a0 \u00a0\u00a0\u00a0\u00a0\u00a0\u00a0\u00a0\u00a0\u00a0\u00a0\u00a0 Dipl.-Psych. Carla Geisenberger-Samaras &nbsp; Anschrift \u00a0 \u00a0 \u00a0 \u00a0 \u00a0 \u00a0 \u00a0 \u00a0 \u00a0 \u00a0 \u00a0 \u00a0 \u00a0 \u00a0 \u00a0 [&hellip;]<\/p>\n","protected":false},"author":1,"featured_media":0,"parent":0,"menu_order":0,"comment_status":"closed","ping_status":"closed","template":"","meta":{"footnotes":""},"class_list":["post-659","page","type-page","status-publish","czr-hentry"],"yoast_head":"<!-- This site is optimized with the Yoast SEO plugin v26.8 - https:\/\/yoast.com\/product\/yoast-seo-wordpress\/ -->\n<title>\u03a3\u03c4\u03bf\u03b9\u03c7\u03b5\u03af\u03b1 \u03ad\u03ba\u03b4\u03bf\u03c3\u03b7\u03c2 - el<\/title>\n<meta name=\"robots\" content=\"index, follow, max-snippet:-1, max-image-preview:large, max-video-preview:-1\" \/>\n<link rel=\"canonical\" href=\"http:\/\/www.ivb-hellas.com\/el\/\u03c3\u03c4\u03bf\u03b9\u03c7\u03b5\u03af\u03b1-\u03ad\u03ba\u03b4\u03bf\u03c3\u03b7\u03c2\/\" \/>\n<meta property=\"og:locale\" content=\"el_GR\" \/>\n<meta property=\"og:type\" content=\"article\" \/>\n<meta property=\"og:title\" content=\"\u03a3\u03c4\u03bf\u03b9\u03c7\u03b5\u03af\u03b1 \u03ad\u03ba\u03b4\u03bf\u03c3\u03b7\u03c2 - el\" \/>\n<meta property=\"og:description\" content=\"Impressum &nbsp; Diese Seiten dienen zur Vermittlung von Informationen \u00fcber das Institut f\u00fcr Verhaltenstherapie und Biofeedback ivb. Das Impressum des Instituts gilt nur f\u00fcr die Internetpr\u00e4senz unter der Adresse www.ivb-hellas.com \u00a0 Inhaltliche Verantwortung\u00a0\u00a0\u00a0\u00a0\u00a0\u00a0\u00a0\u00a0 \u00a0\u00a0\u00a0\u00a0\u00a0\u00a0\u00a0\u00a0\u00a0\u00a0\u00a0\u00a0\u00a0\u00a0\u00a0\u00a0\u00a0\u00a0\u00a0\u00a0\u00a0\u00a0\u00a0 \u00a0\u00a0\u00a0\u00a0\u00a0\u00a0\u00a0\u00a0\u00a0\u00a0\u00a0 Dipl.-Psych. Carla Geisenberger-Samaras &nbsp; Anschrift \u00a0 \u00a0 \u00a0 \u00a0 \u00a0 \u00a0 \u00a0 \u00a0 \u00a0 \u00a0 \u00a0 \u00a0 \u00a0 \u00a0 \u00a0 [&hellip;]\" \/>\n<meta property=\"og:url\" content=\"http:\/\/www.ivb-hellas.com\/el\/\u03c3\u03c4\u03bf\u03b9\u03c7\u03b5\u03af\u03b1-\u03ad\u03ba\u03b4\u03bf\u03c3\u03b7\u03c2\/\" \/>\n<meta property=\"og:site_name\" content=\"el\" \/>\n<meta property=\"article:modified_time\" content=\"2016-04-13T12:20:16+00:00\" \/>\n<meta name=\"twitter:card\" content=\"summary_large_image\" \/>\n<meta name=\"twitter:label1\" content=\"\u0395\u03ba\u03c4\u03b9\u03bc\u03ce\u03bc\u03b5\u03bd\u03bf\u03c2 \u03c7\u03c1\u03cc\u03bd\u03bf\u03c2 \u03b1\u03bd\u03ac\u03b3\u03bd\u03c9\u03c3\u03b7\u03c2\" \/>\n\t<meta name=\"twitter:data1\" content=\"3 \u03bb\u03b5\u03c0\u03c4\u03ac\" \/>\n<script type=\"application\/ld+json\" class=\"yoast-schema-graph\">{\"@context\":\"https:\/\/schema.org\",\"@graph\":[{\"@type\":\"WebPage\",\"@id\":\"http:\/\/www.ivb-hellas.com\/el\/%cf%83%cf%84%ce%bf%ce%b9%cf%87%ce%b5%ce%af%ce%b1-%ce%ad%ce%ba%ce%b4%ce%bf%cf%83%ce%b7%cf%82\/\",\"url\":\"http:\/\/www.ivb-hellas.com\/el\/%cf%83%cf%84%ce%bf%ce%b9%cf%87%ce%b5%ce%af%ce%b1-%ce%ad%ce%ba%ce%b4%ce%bf%cf%83%ce%b7%cf%82\/\",\"name\":\"\u03a3\u03c4\u03bf\u03b9\u03c7\u03b5\u03af\u03b1 \u03ad\u03ba\u03b4\u03bf\u03c3\u03b7\u03c2 - el\",\"isPartOf\":{\"@id\":\"http:\/\/www.ivb-hellas.com\/el\/#website\"},\"datePublished\":\"2016-04-13T09:58:46+00:00\",\"dateModified\":\"2016-04-13T12:20:16+00:00\",\"breadcrumb\":{\"@id\":\"http:\/\/www.ivb-hellas.com\/el\/%cf%83%cf%84%ce%bf%ce%b9%cf%87%ce%b5%ce%af%ce%b1-%ce%ad%ce%ba%ce%b4%ce%bf%cf%83%ce%b7%cf%82\/#breadcrumb\"},\"inLanguage\":\"el\",\"potentialAction\":[{\"@type\":\"ReadAction\",\"target\":[\"http:\/\/www.ivb-hellas.com\/el\/%cf%83%cf%84%ce%bf%ce%b9%cf%87%ce%b5%ce%af%ce%b1-%ce%ad%ce%ba%ce%b4%ce%bf%cf%83%ce%b7%cf%82\/\"]}]},{\"@type\":\"BreadcrumbList\",\"@id\":\"http:\/\/www.ivb-hellas.com\/el\/%cf%83%cf%84%ce%bf%ce%b9%cf%87%ce%b5%ce%af%ce%b1-%ce%ad%ce%ba%ce%b4%ce%bf%cf%83%ce%b7%cf%82\/#breadcrumb\",\"itemListElement\":[{\"@type\":\"ListItem\",\"position\":1,\"name\":\"\u0391\u03c1\u03c7\u03b9\u03ba\u03ae\",\"item\":\"http:\/\/www.ivb-hellas.com\/el\/\"},{\"@type\":\"ListItem\",\"position\":2,\"name\":\"\u03a3\u03c4\u03bf\u03b9\u03c7\u03b5\u03af\u03b1 \u03ad\u03ba\u03b4\u03bf\u03c3\u03b7\u03c2\"}]},{\"@type\":\"WebSite\",\"@id\":\"http:\/\/www.ivb-hellas.com\/el\/#website\",\"url\":\"http:\/\/www.ivb-hellas.com\/el\/\",\"name\":\"el\",\"description\":\"\u03b9\u03bd\u03c3\u03c4\u03b9\u03c4\u03bf\u03cd\u03c4\u03bf \u03c3\u03c5\u03bc\u03c0\u03b5\u03c1\u03b9\u03c6\u03bf\u03c1\u03b9\u03c3\u03c4\u03b9\u03ba\u03ae\u03c2 \u03b8\u03b5\u03c1\u03b1\u03c0\u03b5\u03af\u03b1\u03c2 \u03ba\u03b1\u03b9 \u03b2\u03b9\u03bf\u03b1\u03bd\u03ac\u03b4\u03c1\u03b1\u03c3\u03b7\u03c2\",\"potentialAction\":[{\"@type\":\"SearchAction\",\"target\":{\"@type\":\"EntryPoint\",\"urlTemplate\":\"http:\/\/www.ivb-hellas.com\/el\/?s={search_term_string}\"},\"query-input\":{\"@type\":\"PropertyValueSpecification\",\"valueRequired\":true,\"valueName\":\"search_term_string\"}}],\"inLanguage\":\"el\"}]}<\/script>\n<!-- \/ Yoast SEO plugin. -->","yoast_head_json":{"title":"\u03a3\u03c4\u03bf\u03b9\u03c7\u03b5\u03af\u03b1 \u03ad\u03ba\u03b4\u03bf\u03c3\u03b7\u03c2 - el","robots":{"index":"index","follow":"follow","max-snippet":"max-snippet:-1","max-image-preview":"max-image-preview:large","max-video-preview":"max-video-preview:-1"},"canonical":"http:\/\/www.ivb-hellas.com\/el\/\u03c3\u03c4\u03bf\u03b9\u03c7\u03b5\u03af\u03b1-\u03ad\u03ba\u03b4\u03bf\u03c3\u03b7\u03c2\/","og_locale":"el_GR","og_type":"article","og_title":"\u03a3\u03c4\u03bf\u03b9\u03c7\u03b5\u03af\u03b1 \u03ad\u03ba\u03b4\u03bf\u03c3\u03b7\u03c2 - el","og_description":"Impressum &nbsp; Diese Seiten dienen zur Vermittlung von Informationen \u00fcber das Institut f\u00fcr Verhaltenstherapie und Biofeedback ivb. Das Impressum des Instituts gilt nur f\u00fcr die Internetpr\u00e4senz unter der Adresse www.ivb-hellas.com \u00a0 Inhaltliche Verantwortung\u00a0\u00a0\u00a0\u00a0\u00a0\u00a0\u00a0\u00a0 \u00a0\u00a0\u00a0\u00a0\u00a0\u00a0\u00a0\u00a0\u00a0\u00a0\u00a0\u00a0\u00a0\u00a0\u00a0\u00a0\u00a0\u00a0\u00a0\u00a0\u00a0\u00a0\u00a0 \u00a0\u00a0\u00a0\u00a0\u00a0\u00a0\u00a0\u00a0\u00a0\u00a0\u00a0 Dipl.-Psych. Carla Geisenberger-Samaras &nbsp; Anschrift \u00a0 \u00a0 \u00a0 \u00a0 \u00a0 \u00a0 \u00a0 \u00a0 \u00a0 \u00a0 \u00a0 \u00a0 \u00a0 \u00a0 \u00a0 [&hellip;]","og_url":"http:\/\/www.ivb-hellas.com\/el\/\u03c3\u03c4\u03bf\u03b9\u03c7\u03b5\u03af\u03b1-\u03ad\u03ba\u03b4\u03bf\u03c3\u03b7\u03c2\/","og_site_name":"el","article_modified_time":"2016-04-13T12:20:16+00:00","twitter_card":"summary_large_image","twitter_misc":{"\u0395\u03ba\u03c4\u03b9\u03bc\u03ce\u03bc\u03b5\u03bd\u03bf\u03c2 \u03c7\u03c1\u03cc\u03bd\u03bf\u03c2 \u03b1\u03bd\u03ac\u03b3\u03bd\u03c9\u03c3\u03b7\u03c2":"3 \u03bb\u03b5\u03c0\u03c4\u03ac"},"schema":{"@context":"https:\/\/schema.org","@graph":[{"@type":"WebPage","@id":"http:\/\/www.ivb-hellas.com\/el\/%cf%83%cf%84%ce%bf%ce%b9%cf%87%ce%b5%ce%af%ce%b1-%ce%ad%ce%ba%ce%b4%ce%bf%cf%83%ce%b7%cf%82\/","url":"http:\/\/www.ivb-hellas.com\/el\/%cf%83%cf%84%ce%bf%ce%b9%cf%87%ce%b5%ce%af%ce%b1-%ce%ad%ce%ba%ce%b4%ce%bf%cf%83%ce%b7%cf%82\/","name":"\u03a3\u03c4\u03bf\u03b9\u03c7\u03b5\u03af\u03b1 \u03ad\u03ba\u03b4\u03bf\u03c3\u03b7\u03c2 - el","isPartOf":{"@id":"http:\/\/www.ivb-hellas.com\/el\/#website"},"datePublished":"2016-04-13T09:58:46+00:00","dateModified":"2016-04-13T12:20:16+00:00","breadcrumb":{"@id":"http:\/\/www.ivb-hellas.com\/el\/%cf%83%cf%84%ce%bf%ce%b9%cf%87%ce%b5%ce%af%ce%b1-%ce%ad%ce%ba%ce%b4%ce%bf%cf%83%ce%b7%cf%82\/#breadcrumb"},"inLanguage":"el","potentialAction":[{"@type":"ReadAction","target":["http:\/\/www.ivb-hellas.com\/el\/%cf%83%cf%84%ce%bf%ce%b9%cf%87%ce%b5%ce%af%ce%b1-%ce%ad%ce%ba%ce%b4%ce%bf%cf%83%ce%b7%cf%82\/"]}]},{"@type":"BreadcrumbList","@id":"http:\/\/www.ivb-hellas.com\/el\/%cf%83%cf%84%ce%bf%ce%b9%cf%87%ce%b5%ce%af%ce%b1-%ce%ad%ce%ba%ce%b4%ce%bf%cf%83%ce%b7%cf%82\/#breadcrumb","itemListElement":[{"@type":"ListItem","position":1,"name":"\u0391\u03c1\u03c7\u03b9\u03ba\u03ae","item":"http:\/\/www.ivb-hellas.com\/el\/"},{"@type":"ListItem","position":2,"name":"\u03a3\u03c4\u03bf\u03b9\u03c7\u03b5\u03af\u03b1 \u03ad\u03ba\u03b4\u03bf\u03c3\u03b7\u03c2"}]},{"@type":"WebSite","@id":"http:\/\/www.ivb-hellas.com\/el\/#website","url":"http:\/\/www.ivb-hellas.com\/el\/","name":"el","description":"\u03b9\u03bd\u03c3\u03c4\u03b9\u03c4\u03bf\u03cd\u03c4\u03bf \u03c3\u03c5\u03bc\u03c0\u03b5\u03c1\u03b9\u03c6\u03bf\u03c1\u03b9\u03c3\u03c4\u03b9\u03ba\u03ae\u03c2 \u03b8\u03b5\u03c1\u03b1\u03c0\u03b5\u03af\u03b1\u03c2 \u03ba\u03b1\u03b9 \u03b2\u03b9\u03bf\u03b1\u03bd\u03ac\u03b4\u03c1\u03b1\u03c3\u03b7\u03c2","potentialAction":[{"@type":"SearchAction","target":{"@type":"EntryPoint","urlTemplate":"http:\/\/www.ivb-hellas.com\/el\/?s={search_term_string}"},"query-input":{"@type":"PropertyValueSpecification","valueRequired":true,"valueName":"search_term_string"}}],"inLanguage":"el"}]}},"_links":{"self":[{"href":"https:\/\/www.ivb-hellas.com\/el\/wp-json\/wp\/v2\/pages\/659","targetHints":{"allow":["GET"]}}],"collection":[{"href":"https:\/\/www.ivb-hellas.com\/el\/wp-json\/wp\/v2\/pages"}],"about":[{"href":"https:\/\/www.ivb-hellas.com\/el\/wp-json\/wp\/v2\/types\/page"}],"author":[{"embeddable":true,"href":"https:\/\/www.ivb-hellas.com\/el\/wp-json\/wp\/v2\/users\/1"}],"replies":[{"embeddable":true,"href":"https:\/\/www.ivb-hellas.com\/el\/wp-json\/wp\/v2\/comments?post=659"}],"version-history":[{"count":0,"href":"https:\/\/www.ivb-hellas.com\/el\/wp-json\/wp\/v2\/pages\/659\/revisions"}],"wp:attachment":[{"href":"https:\/\/www.ivb-hellas.com\/el\/wp-json\/wp\/v2\/media?parent=659"}],"curies":[{"name":"wp","href":"https:\/\/api.w.org\/{rel}","templated":true}]}}